{"id":3,"date":"2025-04-16T08:43:49","date_gmt":"2025-04-16T08:43:49","guid":{"rendered":"https:\/\/xmedia-group.com\/?page_id=3"},"modified":"2025-05-20T14:02:41","modified_gmt":"2025-05-20T14:02:41","slug":"privacy-policy","status":"publish","type":"page","link":"https:\/\/xmedia-group.com\/de\/privacy-policy\/","title":{"rendered":"Datenschutzerkl\u00e4rung"},"content":{"rendered":"<div data-elementor-type=\"wp-page\" data-elementor-id=\"3\" class=\"elementor elementor-3\" data-elementor-post-type=\"page\">\n\t\t\t\t<div class=\"elementor-element elementor-element-2f82cc2a e-flex e-con-boxed e-con e-parent\" data-id=\"2f82cc2a\" data-element_type=\"container\">\n\t\t\t\t\t<div class=\"e-con-inner\">\n\t\t\t\t<div class=\"elementor-element elementor-element-61c4aa2c elementor-widget elementor-widget-text-editor\" data-id=\"61c4aa2c\" data-element_type=\"widget\" data-widget_type=\"text-editor.default\">\n\t\t\t\t<div class=\"elementor-widget-container\">\n\t\t\t\t\t\t\t\t\t\n<h3 class=\"wp-block-heading translation-block\" data-start=\"314\" data-end=\"353\">Datenschutzerkl\u00e4rung (DSGVO-konform)<\/h3>\n<p data-start=\"355\" data-end=\"527\" class=\"translation-block\">1. Wer wir sind: \nWebseitenadresse: https:\/\/xmedia-group.com\nDiese Website wird betrieben von der pmX GmbH, unter dem Markennamen \u201eX Media\u201c.<\/p>\n<p data-start=\"529\" data-end=\"906\" class=\"translation-block\">2. Kommentare: \nWenn Besucher Kommentare hinterlassen, speichern wir die im Formular eingegebenen Daten sowie die IP-Adresse und den User-Agent-String zur Spam-Erkennung.\nEin Hash Ihrer E-Mail-Adresse kann an Gravatar gesendet werden. Gravatar-Datenschutz.<\/p>\n<p data-start=\"908\" data-end=\"1086\" class=\"translation-block\">3. Medien: \nVermeiden Sie beim Hochladen von Bildern, Standortdaten (EXIF GPS) einzubetten. Besucher k\u00f6nnen diese Daten aus den Bildern extrahieren.<\/p>\n<p data-start=\"1088\" data-end=\"1571\" class=\"translation-block\">4. Cookies: \nBeim Kommentieren k\u00f6nnen Name, E-Mail und Webseite in Cookies gespeichert werden (1 Jahr G\u00fcltigkeit).\nBeim Aufrufen der Login-Seite wird ein tempor\u00e4rer Cookie gesetzt.\nLogin-Cookies bleiben zwei Tage (oder zwei Wochen bei \u201eAngemeldet bleiben\u201c), Anzeigeoptionen-Cookies ein Jahr.\nBeim Ausloggen werden Login-Cookies entfernt.\nBeim Bearbeiten oder Ver\u00f6ffentlichen eines Beitrags wird ein Cookie mit der Beitrags-ID gesetzt (1 Tag G\u00fcltigkeit).<\/p>\n<p data-start=\"1573\" data-end=\"1808\" class=\"translation-block\">5. Eingebettete Inhalte: \nBeitr\u00e4ge k\u00f6nnen eingebettete Inhalte (z.\u202fB. Videos, Bilder) enthalten. Diese verhalten sich wie beim Besuch der jeweiligen Website.\nExterne Seiten k\u00f6nnen Daten erfassen, Cookies setzen und Interaktionen nachverfolgen.<\/p>\n<p data-start=\"1810\" data-end=\"1927\" class=\"translation-block\">6. Mit wem wir Daten teilen: \nBei Passwort-Zur\u00fccksetzungen wird Ihre IP-Adresse in die E-Mail eingef\u00fcgt.<\/p>\n<p data-start=\"1929\" data-end=\"2158\" class=\"translation-block\">7. Speicherdauer der Daten: \nKommentare und Metadaten werden dauerhaft gespeichert.\nRegistrierte Benutzer k\u00f6nnen ihre Profildaten jederzeit \u00e4ndern oder l\u00f6schen (au\u00dfer Benutzernamen).\nAdministratoren haben ebenfalls Zugriff.<\/p>\n<p data-start=\"2160\" data-end=\"2197\" class=\"translation-block\">8. Ihre Rechte: \nSie k\u00f6nnen:<\/p>\n<ul data-start=\"2198\" data-end=\"2301\">\n<li data-start=\"2198\" data-end=\"2231\">\n<p data-start=\"2200\" data-end=\"2231\" class=\"translation-block\">Einen Export Ihrer gespeicherten Daten anfordern<\/p>\n<\/li>\n<li data-start=\"2232\" data-end=\"2301\">\n<p data-start=\"2234\" data-end=\"2301\" class=\"translation-block\">Die L\u00f6schung Ihrer Daten verlangen (sofern keine gesetzliche Aufbewahrungspflicht besteht)<\/p>\n<\/li>\n<\/ul>\n<p data-start=\"2303\" data-end=\"2407\" class=\"translation-block\">9. Wohin Ihre Daten gesendet werden: \nKommentare werden ggf. durch automatische Spam-Dienste \u00fcberpr\u00fcft.<\/p>\t\t\t\t\t\t\t\t<\/div>\n\t\t\t\t<\/div>\n\t\t\t\t\t<\/div>\n\t\t\t\t<\/div>\n\t\t\t\t<\/div>","protected":false},"excerpt":{"rendered":"<p>Privacy Policy (GDPR-compliant) 1. Who we areWebsite address: https:\/\/xmedia-group.comThis website is operated by pmX GmbH, acting under the brand name \u201cX Media\u201d. 2. CommentsWhen visitors leave comments on the site, we collect the data shown in the comments form, along with the IP address and browser user agent string to assist with spam detection.An anonymized [&hellip;]<\/p>","protected":false},"author":1,"featured_media":0,"parent":0,"menu_order":0,"comment_status":"closed","ping_status":"open","template":"","meta":{"footnotes":""},"class_list":["post-3","page","type-page","status-publish","hentry"],"_links":{"self":[{"href":"https:\/\/xmedia-group.com\/de\/wp-json\/wp\/v2\/pages\/3","targetHints":{"allow":["GET"]}}],"collection":[{"href":"https:\/\/xmedia-group.com\/de\/wp-json\/wp\/v2\/pages"}],"about":[{"href":"https:\/\/xmedia-group.com\/de\/wp-json\/wp\/v2\/types\/page"}],"author":[{"embeddable":true,"href":"https:\/\/xmedia-group.com\/de\/wp-json\/wp\/v2\/users\/1"}],"replies":[{"embeddable":true,"href":"https:\/\/xmedia-group.com\/de\/wp-json\/wp\/v2\/comments?post=3"}],"version-history":[{"count":0,"href":"https:\/\/xmedia-group.com\/de\/wp-json\/wp\/v2\/pages\/3\/revisions"}],"wp:attachment":[{"href":"https:\/\/xmedia-group.com\/de\/wp-json\/wp\/v2\/media?parent=3"}],"curies":[{"name":"wp","href":"https:\/\/api.w.org\/{rel}","templated":true}]}}